{"id":2632,"date":"2020-10-12T14:29:28","date_gmt":"2020-10-12T12:29:28","guid":{"rendered":"https:\/\/www.camping-lecoincharmant-ardeche.com\/locations-eco\/"},"modified":"2025-04-07T15:51:09","modified_gmt":"2025-04-07T13:51:09","slug":"atypische-unterkunfte","status":"publish","type":"page","link":"https:\/\/www.camping-lecoincharmant-ardeche.com\/de\/atypische-unterkunfte\/","title":{"rendered":"Atypische-Unterk\u00fcnfte"},"content":{"rendered":"<div class=\"fusion-fullwidth fullwidth-box fusion-builder-row-1 fusion-flex-container nonhundred-percent-fullwidth non-hundred-percent-height-scrolling\" style=\"background-color: rgba(255,255,255,0);background-position: center center;background-repeat: no-repeat;border-width: 0px 0px 0px 0px;border-color:#eae9e9;border-style:solid;\" ><div class=\"fusion-builder-row fusion-row fusion-flex-align-items-flex-start fusion-flex-justify-content-center\" style=\"max-width:1456px;margin-left: calc(-4% \/ 2 );margin-right: calc(-4% \/ 2 );\"><div class=\"fusion-layout-column fusion_builder_column fusion-builder-column-0 fusion_builder_column_1_1 1_1 fusion-flex-column\"><div class=\"fusion-column-wrapper fusion-flex-justify-content-flex-start fusion-content-layout-block\" style=\"background-position:left top;background-repeat:no-repeat;-webkit-background-size:cover;-moz-background-size:cover;-o-background-size:cover;background-size:cover;padding: 0px 0px 0px 0px;\"><style type=\"text\/css\"><\/style><div class=\"fusion-title title fusion-title-1 fusion-sep-none fusion-title-text fusion-title-size-one\" style=\"margin-top:0px;margin-bottom:30px;\"><h1 class=\"title-heading-left\" style=\"margin:0;\"><strong>Atypische<\/strong>-Unterk\u00fcnfte<\/h1><\/div><div class=\"fusion-separator fusion-full-width-sep separator-title\" style=\"align-self: center;margin-left: auto;margin-right: auto;width:100%;\"><\/div><\/div><\/div><style type=\"text\/css\">.fusion-body .fusion-builder-column-0{width:100% !important;margin-top : 0px;margin-bottom : 20px;}.fusion-builder-column-0 > .fusion-column-wrapper {padding-top : 0px !important;padding-right : 0px !important;margin-right : 1.92%;padding-bottom : 0px !important;padding-left : 0px !important;margin-left : 1.92%;}@media only screen and (max-width:1024px) {.fusion-body .fusion-builder-column-0{width:100% !important;order : 0;}.fusion-builder-column-0 > .fusion-column-wrapper {margin-right : 1.92%;margin-left : 1.92%;}}@media only screen and (max-width:640px) {.fusion-body .fusion-builder-column-0{width:100% !important;order : 0;}.fusion-builder-column-0 > .fusion-column-wrapper {margin-right : 1.92%;margin-left : 1.92%;}}<\/style><div class=\"fusion-layout-column fusion_builder_column fusion-builder-column-1 fusion_builder_column_1_1 1_1 fusion-flex-column\"><div class=\"fusion-column-wrapper fusion-flex-justify-content-flex-start fusion-content-layout-column\" style=\"background-position:left top;background-repeat:no-repeat;-webkit-background-size:cover;-moz-background-size:cover;-o-background-size:cover;background-size:cover;padding: 0px 0px 0px 0px;\"><div class=\"fusion-text fusion-text-1\" style=\"transform:translate3d(0,0,0);\"><p style=\"text-align: center;\">Mobilodge, Tit&#8217;home oder Chalet: diese Unterk\u00fcnfte <strong>ohne Sanit\u00e4ranlagen<\/strong>, aber mit Schlafzimmern und K\u00fcchenecke sind der richtige Kompromiss f\u00fcr Urlauber ohne Ausstattung, aber mit <strong>Campinglaune<\/strong>!<\/p>\n<p style=\"text-align: center;\">Wir bieten Ihnen eine Mietunterkunft f\u00fcr <strong>kurze Aufenthalte<\/strong> oder <strong>wochenweise<\/strong>.<\/p>\n<\/div><\/div><\/div><style type=\"text\/css\">.fusion-body .fusion-builder-column-1{width:100% !important;margin-top : 0px;margin-bottom : 20px;}.fusion-builder-column-1 > .fusion-column-wrapper {padding-top : 0px !important;padding-right : 0px !important;margin-right : 1.92%;padding-bottom : 0px !important;padding-left : 0px !important;margin-left : 1.92%;}@media only screen and (max-width:1024px) {.fusion-body .fusion-builder-column-1{width:100% !important;order : 0;}.fusion-builder-column-1 > .fusion-column-wrapper {margin-right : 1.92%;margin-left : 1.92%;}}@media only screen and (max-width:640px) {.fusion-body .fusion-builder-column-1{width:100% !important;order : 0;}.fusion-builder-column-1 > .fusion-column-wrapper {margin-right : 1.92%;margin-left : 1.92%;}}<\/style><div class=\"fusion-layout-column fusion_builder_column fusion-builder-column-2 fusion_builder_column_1_5 1_5 fusion-flex-column bloc-locatif decal1 fusion-column-inner-bg-wrapper\"><div class=\"fusion-column-wrapper fusion-flex-justify-content-flex-start fusion-content-layout-column\" style=\"padding: 0px 0px 0px 0px;\"><style type=\"text\/css\">@media only screen and (max-width:1024px) {.fusion-title.fusion-title-2{margin-top:0px!important;margin-bottom:30px!important;}}<\/style><div class=\"fusion-title title fusion-title-2 fusion-sep-none fusion-title-center fusion-title-text fusion-title-size-two\" style=\"margin-top:0px;margin-bottom:30px;\"><h2 class=\"title-heading-center\" style=\"margin:0;\"><strong>Mobilodge<\/strong><\/h2><\/div>\t\t\t<style>  \n\t\t\t.album { text-align:center; box-sizing: content-box !important }\n\t\t\t.album a { display: inline-block; margin:2px; width: calc(20% - 4px); \n\t\t\t margin:0px; width: 100%; \t\t\t} \n\t\t\t.bloc-page-piscine .album a { margin:2px; width: calc(33.33% - 4px) }\n\t\t\t.bloc-page-loisirs2 .album a { margin:2px; width: calc(50% - 4px) }\n\t\t\t.album img { display: inline-block; transition:0.5s }\n\t\t\t.album img:hover { opacity:0.8 }\n\t\t    .album.col-6 a { width: calc((100% \/ 6) - 4px) !important }\n\t\t\t.album.col-8 a { width: calc((100% \/ 8) - 4px) !important }\n\t\t\t@media screen and (max-width: 950px) { .album a, .album.col-6 a, .album.col-8 a { width:calc((100% \/ 3) - 9px) !important; margin:4px !important }}\n\t\t\t@media screen and (max-width: 768px) { .album a, .album.col-6 a, .album.col-8 a { width:calc(50% - 8px) !important; margin:4px !important }}\n            <\/style>\n\t\t\t<div class=\"album \"><a data-rel=\"iLightbox[400]\" href=\"https:\/\/www.camping-lecoincharmant-ardeche.com\/wp-content\/uploads\/album400\/6855521fb3be9.jpg\" title=\"Mobilodge - 2 Schlafzimmer\" data-title=\"Mobilodge - 2 Schlafzimmer\"><img class=\"lazyload\" decoding=\"async\" data-no-lazy=\"1\" src=\"data:image\/gif;base64,R0lGODlhAQABAAAAACH5BAEKAAEALAAAAAABAAEAAAICTAEAOw==\" data-orig-src=\"https:\/\/www.camping-lecoincharmant-ardeche.com\/wp-content\/uploads\/album400\/6855521fb3be9-380x330.jpg\" alt=\"Mobilodge - 2 Schlafzimmer\" title=\"Mobilodge - 2 Schlafzimmer\" \/><\/a><\/div><div class=\"fusion-text fusion-text-2\" style=\"transform:translate3d(0,0,0);\"><p style=\"text-align: center;\">F\u00fcr <strong>4 Personen<\/strong><br \/>\n<strong>2 Schlafzimmer<\/strong><br \/>\nWohnfl\u00e4che <strong>16 m\u00b2<\/strong><\/p>\n<\/div><\/div><span class=\"fusion-column-inner-bg hover-type-none\"><a href=\"\/de\/atypische-unterkunfte\/mobilodge-4p\/\"><span class=\"fusion-column-inner-bg-image\" style=\"background-position:left top;background-repeat:no-repeat;-webkit-background-size:cover;-moz-background-size:cover;-o-background-size:cover;background-size:cover;\"><\/span><\/a><\/span><\/div><style type=\"text\/css\">.fusion-body .fusion-builder-column-2{width:20% !important;margin-top : 0px;margin-bottom : 20px;}.fusion-builder-column-2 > .fusion-column-wrapper {padding-top : 0px !important;padding-right : 0px !important;margin-right : 10px;padding-bottom : 0px !important;padding-left : 0px !important;margin-left : 10px;}.fusion-flex-container .fusion-row .fusion-builder-column-2 > .fusion-column-inner-bg { margin-right:10px;margin-left:10px; }@media only screen and (max-width:1024px) {.fusion-body .fusion-builder-column-2{width:100% !important;order : 0;}.fusion-builder-column-2 > .fusion-column-wrapper {margin-right : 1.92%;margin-left : 1.92%;}.fusion-flex-container .fusion-row .fusion-builder-column-2 > .fusion-column-inner-bg { margin-right:1.92%;margin-left:1.92%; }}@media only screen and (max-width:640px) {.fusion-body .fusion-builder-column-2{width:100% !important;order : 0;}.fusion-builder-column-2 > .fusion-column-wrapper {margin-right : 1.92%;margin-left : 1.92%;}.fusion-flex-container .fusion-row .fusion-builder-column-2 > .fusion-column-inner-bg { margin-right:1.92%;margin-left:1.92%; }}<\/style><div class=\"fusion-layout-column fusion_builder_column fusion-builder-column-3 fusion_builder_column_1_5 1_5 fusion-flex-column bloc-locatif fusion-column-inner-bg-wrapper\"><div class=\"fusion-column-wrapper fusion-flex-justify-content-flex-start fusion-content-layout-column\" style=\"padding: 0px 0px 0px 0px;\"><style type=\"text\/css\">@media only screen and (max-width:1024px) {.fusion-title.fusion-title-3{margin-top:0px!important;margin-bottom:30px!important;}}<\/style><div class=\"fusion-title title fusion-title-3 fusion-sep-none fusion-title-center fusion-title-text fusion-title-size-two\" style=\"margin-top:0px;margin-bottom:30px;\"><h2 class=\"title-heading-center\" style=\"margin:0;\"><strong>Nature<\/strong>Tit\u2018home<\/h2><\/div>\t\t\t<style>  \n\t\t\t.album { text-align:center; box-sizing: content-box !important }\n\t\t\t.album a { display: inline-block; margin:2px; width: calc(20% - 4px); \n\t\t\t margin:0px; width: 100%; \t\t\t} \n\t\t\t.bloc-page-piscine .album a { margin:2px; width: calc(33.33% - 4px) }\n\t\t\t.bloc-page-loisirs2 .album a { margin:2px; width: calc(50% - 4px) }\n\t\t\t.album img { display: inline-block; transition:0.5s }\n\t\t\t.album img:hover { opacity:0.8 }\n\t\t    .album.col-6 a { width: calc((100% \/ 6) - 4px) !important }\n\t\t\t.album.col-8 a { width: calc((100% \/ 8) - 4px) !important }\n\t\t\t@media screen and (max-width: 950px) { .album a, .album.col-6 a, .album.col-8 a { width:calc((100% \/ 3) - 9px) !important; margin:4px !important }}\n\t\t\t@media screen and (max-width: 768px) { .album a, .album.col-6 a, .album.col-8 a { width:calc(50% - 8px) !important; margin:4px !important }}\n            <\/style>\n\t\t\t<div class=\"album \"><a data-rel=\"iLightbox[401]\" href=\"https:\/\/www.camping-lecoincharmant-ardeche.com\/wp-content\/uploads\/album401\/64818a3d5a11c.jpg\" title=\"Nature Tit\u2018home - 4\/5 Personen\" data-title=\"Nature Tit\u2018home - 4\/5 Personen\"><img class=\"lazyload\" decoding=\"async\" data-no-lazy=\"1\" src=\"data:image\/gif;base64,R0lGODlhAQABAAAAACH5BAEKAAEALAAAAAABAAEAAAICTAEAOw==\" data-orig-src=\"https:\/\/www.camping-lecoincharmant-ardeche.com\/wp-content\/uploads\/album401\/64818a3d5a11c-380x330.jpg\" alt=\"Nature Tit\u2018home - 4\/5 Personen\" title=\"Nature Tit\u2018home - 4\/5 Personen\" \/><\/a><\/div><div class=\"fusion-text fusion-text-3\" style=\"transform:translate3d(0,0,0);\"><p style=\"text-align: center;\">F\u00fcr <strong>4\/5 Personen<\/strong><br \/>\n<strong>2 Schlafzimmer<\/strong><br \/>\nWohnfl\u00e4che <strong>21 m\u00b2<\/strong><\/p>\n<\/div><\/div><span class=\"fusion-column-inner-bg hover-type-none\"><a href=\"\/de\/atypische-unterkunfte\/nature-tithome-4-5p\/\"><span class=\"fusion-column-inner-bg-image\" style=\"background-position:left top;background-repeat:no-repeat;-webkit-background-size:cover;-moz-background-size:cover;-o-background-size:cover;background-size:cover;\"><\/span><\/a><\/span><\/div><style type=\"text\/css\">.fusion-body .fusion-builder-column-3{width:20% !important;margin-top : 0px;margin-bottom : 20px;}.fusion-builder-column-3 > .fusion-column-wrapper {padding-top : 0px !important;padding-right : 0px !important;margin-right : 10px;padding-bottom : 0px !important;padding-left : 0px !important;margin-left : 10px;}.fusion-flex-container .fusion-row .fusion-builder-column-3 > .fusion-column-inner-bg { margin-right:10px;margin-left:10px; }@media only screen and (max-width:1024px) {.fusion-body .fusion-builder-column-3{width:100% !important;order : 0;}.fusion-builder-column-3 > .fusion-column-wrapper {margin-right : 1.92%;margin-left : 1.92%;}.fusion-flex-container .fusion-row .fusion-builder-column-3 > .fusion-column-inner-bg { margin-right:1.92%;margin-left:1.92%; }}@media only screen and (max-width:640px) {.fusion-body .fusion-builder-column-3{width:100% !important;order : 0;}.fusion-builder-column-3 > .fusion-column-wrapper {margin-right : 1.92%;margin-left : 1.92%;}.fusion-flex-container .fusion-row .fusion-builder-column-3 > .fusion-column-inner-bg { margin-right:1.92%;margin-left:1.92%; }}<\/style><div class=\"fusion-layout-column fusion_builder_column fusion-builder-column-4 fusion_builder_column_1_5 1_5 fusion-flex-column bloc-locatif decal2 fusion-column-inner-bg-wrapper\"><div class=\"fusion-column-wrapper fusion-flex-justify-content-flex-start fusion-content-layout-column\" style=\"padding: 0px 0px 0px 0px;\"><style type=\"text\/css\">@media only screen and (max-width:1024px) {.fusion-title.fusion-title-4{margin-top:0px!important;margin-bottom:30px!important;}}<\/style><div class=\"fusion-title title fusion-title-4 fusion-sep-none fusion-title-center fusion-title-text fusion-title-size-two\" style=\"margin-top:0px;margin-bottom:30px;\"><h2 class=\"title-heading-center\" style=\"margin:0;\">Chalet <strong>Z\u00e9nitude<\/strong><\/h2><\/div>\t\t\t<style>  \n\t\t\t.album { text-align:center; box-sizing: content-box !important }\n\t\t\t.album a { display: inline-block; margin:2px; width: calc(20% - 4px); \n\t\t\t margin:0px; width: 100%; \t\t\t} \n\t\t\t.bloc-page-piscine .album a { margin:2px; width: calc(33.33% - 4px) }\n\t\t\t.bloc-page-loisirs2 .album a { margin:2px; width: calc(50% - 4px) }\n\t\t\t.album img { display: inline-block; transition:0.5s }\n\t\t\t.album img:hover { opacity:0.8 }\n\t\t    .album.col-6 a { width: calc((100% \/ 6) - 4px) !important }\n\t\t\t.album.col-8 a { width: calc((100% \/ 8) - 4px) !important }\n\t\t\t@media screen and (max-width: 950px) { .album a, .album.col-6 a, .album.col-8 a { width:calc((100% \/ 3) - 9px) !important; margin:4px !important }}\n\t\t\t@media screen and (max-width: 768px) { .album a, .album.col-6 a, .album.col-8 a { width:calc(50% - 8px) !important; margin:4px !important }}\n            <\/style>\n\t\t\t<div class=\"album \"><a data-rel=\"iLightbox[402]\" href=\"https:\/\/www.camping-lecoincharmant-ardeche.com\/wp-content\/uploads\/album402\/647dc8b0bb9e5.jpg\" title=\"Chalet Zenitude - 2 Schlafzimmer\" data-title=\"Chalet Zenitude - 2 Schlafzimmer\"><img class=\"lazyload\" decoding=\"async\" data-no-lazy=\"1\" src=\"data:image\/gif;base64,R0lGODlhAQABAAAAACH5BAEKAAEALAAAAAABAAEAAAICTAEAOw==\" data-orig-src=\"https:\/\/www.camping-lecoincharmant-ardeche.com\/wp-content\/uploads\/album402\/647dc8b0bb9e5-380x330.jpg\" alt=\"Chalet Zenitude - 2 Schlafzimmer\" title=\"Chalet Zenitude - 2 Schlafzimmer\" \/><\/a><\/div><div class=\"fusion-text fusion-text-4\" style=\"transform:translate3d(0,0,0);\"><p style=\"text-align: center;\">F\u00fcr <strong>4\/5 Personen<\/strong><br \/>\n<strong>2 Schlafzimmer<\/strong><br \/>\nWohnfl\u00e4che <strong>21 m\u00b2<\/strong><\/p>\n<\/div><\/div><span class=\"fusion-column-inner-bg hover-type-none\"><a href=\"\/de\/atypische-unterkunfte\/chalet-zenitude-4-5p\/\"><span class=\"fusion-column-inner-bg-image\" style=\"background-position:left top;background-repeat:no-repeat;-webkit-background-size:cover;-moz-background-size:cover;-o-background-size:cover;background-size:cover;\"><\/span><\/a><\/span><\/div><style type=\"text\/css\">.fusion-body .fusion-builder-column-4{width:20% !important;margin-top : 0px;margin-bottom : 20px;}.fusion-builder-column-4 > .fusion-column-wrapper {padding-top : 0px !important;padding-right : 0px !important;margin-right : 10px;padding-bottom : 0px !important;padding-left : 0px !important;margin-left : 10px;}.fusion-flex-container .fusion-row .fusion-builder-column-4 > .fusion-column-inner-bg { margin-right:10px;margin-left:10px; }@media only screen and (max-width:1024px) {.fusion-body .fusion-builder-column-4{width:100% !important;order : 0;}.fusion-builder-column-4 > .fusion-column-wrapper {margin-right : 1.92%;margin-left : 1.92%;}.fusion-flex-container .fusion-row .fusion-builder-column-4 > .fusion-column-inner-bg { margin-right:1.92%;margin-left:1.92%; }}@media only screen and (max-width:640px) {.fusion-body .fusion-builder-column-4{width:100% !important;order : 0;}.fusion-builder-column-4 > .fusion-column-wrapper {margin-right : 1.92%;margin-left : 1.92%;}.fusion-flex-container .fusion-row .fusion-builder-column-4 > .fusion-column-inner-bg { margin-right:1.92%;margin-left:1.92%; }}<\/style><div class=\"fusion-layout-column fusion_builder_column fusion-builder-column-5 fusion_builder_column_1_2 1_2 fusion-flex-column\"><div class=\"fusion-column-wrapper fusion-flex-justify-content-flex-start fusion-content-layout-column\" style=\"background-position:left top;background-repeat:no-repeat;-webkit-background-size:cover;-moz-background-size:cover;-o-background-size:cover;background-size:cover;padding: 0px 0px 0px 0px;\"><div class=\"fusion-text fusion-text-5\" style=\"transform:translate3d(0,0,0);\"><ul class=\"liste-icon liste-icon-left\">\n<li class=\"yes\"><i class=\"fb-icon-element fontawesome-icon fa-calendar-alt fas circle-no fusion-text-flow\"><\/i>Ihre Mietunterkunft ist an Ihrem Ankunftstag <strong>ab 15.30\u00a0Uhr verf\u00fcgbar<\/strong>. Am Abreisetag muss das Zimmer zwischen <strong>8:15 Uhr und 10:00 Uhr<\/strong> ger\u00e4umt sein.<\/li>\n<li class=\"yes\"><i class=\"fb-icon-element fontawesome-icon fa-hand-sparkles fas circle-no fusion-text-flow\"><\/i> Im Bereich <strong>Dienstleistungen<\/strong> bieten wir Ihnen unter anderem den <strong>Verkauf wegwerfbarer Bettw\u00e4sche-Garnituren<\/strong>, den Verleih von Baby-Sets (mit Reservierung) und eine <strong>Reinigung am Ende Ihres Aufenthalts<\/strong>.<\/li>\n<li class=\"yes\"><i class=\"fb-icon-element fontawesome-icon fa-utensils fas circle-no fusion-text-flow\"><\/i>M\u00f6glichkeit zu einem Fr\u00fchst\u00fcck auf der Terrasse des Campingplatzes, Bestellung von Picknickk\u00f6rben (mit Vorbestellung) und nicht zu vergessen die gesellige Snackbar des Campingplatzes.<i class=\"fb-icon-element fontawesome-icon fa-calendar-alt fas circle-no fusion-text-flow\"><\/i><\/li>\n<\/ul>\n<\/div><\/div><\/div><style type=\"text\/css\">.fusion-body .fusion-builder-column-5{width:50% !important;margin-top : 0px;margin-bottom : 20px;}.fusion-builder-column-5 > .fusion-column-wrapper {padding-top : 0px !important;padding-right : 0px !important;margin-right : 3.84%;padding-bottom : 0px !important;padding-left : 0px !important;margin-left : 3.84%;}@media only screen and (max-width:1024px) {.fusion-body .fusion-builder-column-5{width:100% !important;order : 0;}.fusion-builder-column-5 > .fusion-column-wrapper {margin-right : 1.92%;margin-left : 1.92%;}}@media only screen and (max-width:640px) {.fusion-body .fusion-builder-column-5{width:100% !important;order : 0;}.fusion-builder-column-5 > .fusion-column-wrapper {margin-right : 1.92%;margin-left : 1.92%;}}<\/style><div class=\"fusion-layout-column fusion_builder_column fusion-builder-column-6 fusion_builder_column_1_2 1_2 fusion-flex-column\"><div class=\"fusion-column-wrapper fusion-flex-justify-content-flex-start fusion-content-layout-column\" style=\"background-position:left top;background-repeat:no-repeat;-webkit-background-size:cover;-moz-background-size:cover;-o-background-size:cover;background-size:cover;padding: 0px 0px 0px 0px;\"><div class=\"fusion-text fusion-text-6\" style=\"transform:translate3d(0,0,0);\"><ul class=\"liste-icon liste-icon-left\">\n<li class=\"no\"><i class=\"fb-icon-element fontawesome-icon fa-desktop fas circle-no fusion-text-flow\"><\/i>Die Mietunterk\u00fcnfte verf\u00fcgen \u00fcber<strong> keinen Fernseher<\/strong>.<\/li>\n<li class=\"no\"><i class=\"fb-icon-element fontawesome-icon fa-smoking fas circle-no fusion-text-flow\"><\/i><strong>In den Mietunterk\u00fcnften ist<\/strong> <strong>Rauchen verboten<\/strong>.<\/li>\n<li class=\"no\"><i class=\"fb-icon-element fontawesome-icon fa-dog fas circle-no fusion-text-flow\"><\/i><strong>Hunde sind in den<\/strong> \u00d6ko-Unterk\u00fcnften nicht zugelassen.<\/li>\n<\/ul>\n<\/div><\/div><\/div><style type=\"text\/css\">.fusion-body .fusion-builder-column-6{width:50% !important;margin-top : 0px;margin-bottom : 20px;}.fusion-builder-column-6 > .fusion-column-wrapper {padding-top : 0px !important;padding-right : 0px !important;margin-right : 3.84%;padding-bottom : 0px !important;padding-left : 0px !important;margin-left : 3.84%;}@media only screen and (max-width:1024px) {.fusion-body .fusion-builder-column-6{width:100% !important;order : 0;}.fusion-builder-column-6 > .fusion-column-wrapper {margin-right : 1.92%;margin-left : 1.92%;}}@media only screen and (max-width:640px) {.fusion-body .fusion-builder-column-6{width:100% !important;order : 0;}.fusion-builder-column-6 > .fusion-column-wrapper {margin-right : 1.92%;margin-left : 1.92%;}}<\/style><div class=\"fusion-layout-column fusion_builder_column fusion-builder-column-7 fusion_builder_column_1_1 1_1 fusion-flex-column\"><div class=\"fusion-column-wrapper fusion-flex-justify-content-flex-start fusion-content-layout-column\" style=\"background-position:left top;background-repeat:no-repeat;-webkit-background-size:cover;-moz-background-size:cover;-o-background-size:cover;background-size:cover;padding: 0px 0px 0px 0px;\"><div class=\"covid covid-locatifs\">\n<div><span class=\"light\"><i class=\"fa-virus-slash fas\" data-name=\"virus-slash\" aria-hidden=\"true\"><\/i><\/span><span>Unsere Priorit\u00e4t besteht darin, Ihnen einen totalen Rundumschutz\nund einen gelassenen Urlaub auf dem Campingplatz Le Coin Charmant zu garantieren.\n<span>Die Mietunterk\u00fcnfte werden nach jedem Mieter desinfiziert:\nDesinfektionsmittel, L\u00f6semittel und Virizide + hydroalkoholische L\u00f6sung auf den Kontaktfl\u00e4chen. Wir benutzen wegwerfbare Kissenbez\u00fcge und Bettunterlagen, die von uns gestellt werden.<\/span><\/span><\/div>\n<\/div><\/div><\/div><style type=\"text\/css\">.fusion-body .fusion-builder-column-7{width:100% !important;margin-top : 0px;margin-bottom : 20px;}.fusion-builder-column-7 > .fusion-column-wrapper {padding-top : 0px !important;padding-right : 0px !important;margin-right : 1.92%;padding-bottom : 0px !important;padding-left : 0px !important;margin-left : 1.92%;}@media only screen and (max-width:1024px) {.fusion-body .fusion-builder-column-7{width:100% !important;order : 0;}.fusion-builder-column-7 > .fusion-column-wrapper {margin-right : 1.92%;margin-left : 1.92%;}}@media only screen and (max-width:640px) {.fusion-body .fusion-builder-column-7{width:100% !important;order : 0;}.fusion-builder-column-7 > .fusion-column-wrapper {margin-right : 1.92%;margin-left : 1.92%;}}<\/style><\/div><style type=\"text\/css\">.fusion-body .fusion-flex-container.fusion-builder-row-1{ padding-top : 0px;margin-top : 0px;padding-right : 0px;padding-bottom : 0px;margin-bottom : 0px;padding-left : 0px;}<\/style><\/div>\n","protected":false},"excerpt":{"rendered":"","protected":false},"author":1,"featured_media":0,"parent":0,"menu_order":0,"comment_status":"closed","ping_status":"closed","template":"100-width.php","meta":{"footnotes":""},"class_list":["post-2632","page","type-page","status-publish","hentry"],"_links":{"self":[{"href":"https:\/\/www.camping-lecoincharmant-ardeche.com\/de\/wp-json\/wp\/v2\/pages\/2632","targetHints":{"allow":["GET"]}}],"collection":[{"href":"https:\/\/www.camping-lecoincharmant-ardeche.com\/de\/wp-json\/wp\/v2\/pages"}],"about":[{"href":"https:\/\/www.camping-lecoincharmant-ardeche.com\/de\/wp-json\/wp\/v2\/types\/page"}],"author":[{"embeddable":true,"href":"https:\/\/www.camping-lecoincharmant-ardeche.com\/de\/wp-json\/wp\/v2\/users\/1"}],"replies":[{"embeddable":true,"href":"https:\/\/www.camping-lecoincharmant-ardeche.com\/de\/wp-json\/wp\/v2\/comments?post=2632"}],"version-history":[{"count":6,"href":"https:\/\/www.camping-lecoincharmant-ardeche.com\/de\/wp-json\/wp\/v2\/pages\/2632\/revisions"}],"predecessor-version":[{"id":3743,"href":"https:\/\/www.camping-lecoincharmant-ardeche.com\/de\/wp-json\/wp\/v2\/pages\/2632\/revisions\/3743"}],"wp:attachment":[{"href":"https:\/\/www.camping-lecoincharmant-ardeche.com\/de\/wp-json\/wp\/v2\/media?parent=2632"}],"curies":[{"name":"wp","href":"https:\/\/api.w.org\/{rel}","templated":true}]}}